

{"id":57,"date":"2014-03-18T18:46:46","date_gmt":"2014-03-18T17:46:46","guid":{"rendered":"http:\/\/lamilagrosapolanco.com\/?page_id=57"},"modified":"2025-01-21T12:26:06","modified_gmt":"2025-01-21T11:26:06","slug":"estilo-educativo","status":"publish","type":"page","link":"https:\/\/lamilagrosapolanco.com\/?page_id=57","title":{"rendered":"Estilo educativo"},"content":{"rendered":"<p>Formar parte de la <strong>Comunidad Educativa<\/strong>, nos compromete a: compartir y aportar, con esp\u00edritu de <strong>SERVICIO<\/strong>, nuestras competencias y habilidades; a esforzarnos por construir una <strong>Comunidad<\/strong>\u00a0<strong>Viva<\/strong>, en la que todos busquemos el bien de los dem\u00e1s.<\/p>\n<p>&nbsp;<\/p>\n<p><strong>LA ENTIDAD TITULAR,<\/strong><\/p>\n<p>Establece los principios y criterios educativos, anima la acci\u00f3n global del Colegio y estimula la creaci\u00f3n de un clima participativo que haga posible la corresponsabilidad.<\/p>\n<p>&nbsp;<\/p>\n<p><strong>L@S ALUMN@S<\/strong><\/p>\n<p>Son los protagonistas de su formaci\u00f3n, intervienen activamente en la vida del Colegio seg\u00fan las exigencias propias de su edad, y asumen responsabilidades proporcionadas a sus capacidades.<\/p>\n<p><strong>LOS PROFESORES,<\/strong><\/p>\n<p>Juegan un papel decisivo como educadores, tanto en la transmisi\u00f3n de conocimientos, como de valores que estimulen a l@s alumn@s a crecer aprendiendo, y a aprender, creciendo, en todos los aspectos de la persona.<\/p>\n<p>&nbsp;<\/p>\n<p><strong>EL PERSONAL ADMINISTRATIVO Y DE SERVICIOS,<\/strong><\/p>\n<p>Presta una valiosa colaboraci\u00f3n realizando funciones, totalmente necesarias, para el buen funcionamiento del Colegio.<\/p>\n<p>&nbsp;<\/p>\n<p><strong>LOS PADRES,<\/strong><\/p>\n<p>principales responsables de la educaci\u00f3n de sus hij@s, participando activamente en la vida del Colegio, prestando apoyo, sobre todo, a trav\u00e9s de <strong>LA ASOCIACI\u00d3N DE PADRES\/MADRES DE ALUMN@S (AMPA)<\/strong> y a trav\u00e9s <strong>DEL CONSEJO ESCOLAR<\/strong>, que colabora en la actualizaci\u00f3n del <strong>PROYECTO EDUCATIVO<\/strong>, favorece la inserci\u00f3n en el entorno social y eclesial, y fomenta la corresponsabilidad.<\/p>\n","protected":false},"excerpt":{"rendered":"<p>Formar parte de la Comunidad Educativa, nos compromete a: compartir y aportar, con esp\u00edritu de SERVICIO, nuestras competencias y habilidades; a esforzarnos por construir una Comunidad\u00a0Viva, en la que todos busquemos el bien de los dem\u00e1s. &nbsp; LA ENTIDAD TITULAR, Establece los principios y criterios educativos, anima la acci\u00f3n global del Colegio y estimula la [&hellip;]<\/p>\n","protected":false},"author":11,"featured_media":0,"parent":24,"menu_order":0,"comment_status":"closed","ping_status":"closed","template":"","meta":{"_et_pb_use_builder":"off","_et_pb_old_content":"","_et_gb_content_width":"","footnotes":""},"class_list":["post-57","page","type-page","status-publish","hentry"],"_links":{"self":[{"href":"https:\/\/lamilagrosapolanco.com\/index.php?rest_route=\/wp\/v2\/pages\/57","targetHints":{"allow":["GET"]}}],"collection":[{"href":"https:\/\/lamilagrosapolanco.com\/index.php?rest_route=\/wp\/v2\/pages"}],"about":[{"href":"https:\/\/lamilagrosapolanco.com\/index.php?rest_route=\/wp\/v2\/types\/page"}],"author":[{"embeddable":true,"href":"https:\/\/lamilagrosapolanco.com\/index.php?rest_route=\/wp\/v2\/users\/11"}],"replies":[{"embeddable":true,"href":"https:\/\/lamilagrosapolanco.com\/index.php?rest_route=%2Fwp%2Fv2%2Fcomments&post=57"}],"version-history":[{"count":10,"href":"https:\/\/lamilagrosapolanco.com\/index.php?rest_route=\/wp\/v2\/pages\/57\/revisions"}],"predecessor-version":[{"id":7167,"href":"https:\/\/lamilagrosapolanco.com\/index.php?rest_route=\/wp\/v2\/pages\/57\/revisions\/7167"}],"up":[{"embeddable":true,"href":"https:\/\/lamilagrosapolanco.com\/index.php?rest_route=\/wp\/v2\/pages\/24"}],"wp:attachment":[{"href":"https:\/\/lamilagrosapolanco.com\/index.php?rest_route=%2Fwp%2Fv2%2Fmedia&parent=57"}],"curies":[{"name":"wp","href":"https:\/\/api.w.org\/{rel}","templated":true}]}}